{"id":9773,"date":"2024-08-27T19:50:37","date_gmt":"2024-08-27T23:50:37","guid":{"rendered":"https:\/\/solidel.ca\/request-for-quotation-2\/"},"modified":"2026-02-19T13:17:37","modified_gmt":"2026-02-19T17:17:37","slug":"request-for-quotation-2","status":"publish","type":"page","link":"https:\/\/solidel.ca\/en\/request-for-quotation-2\/","title":{"rendered":"Request for quotation"},"content":{"rendered":"\t\t<div data-elementor-type=\"wp-page\" data-elementor-id=\"9773\" class=\"elementor elementor-9773 elementor-4723\" data-elementor-post-type=\"page\">\n\t\t\t\t<div class=\"elementor-element elementor-element-65a152a e-con-full e-flex e-con e-parent\" data-id=\"65a152a\" data-element_type=\"container\" data-e-type=\"container\" data-settings=\"{&quot;background_background&quot;:&quot;classic&quot;,&quot;position&quot;:&quot;fixed&quot;}\">\n\t\t\t\t<div class=\"elementor-element elementor-element-196b7ce elementor-widget__width-initial elementor-widget elementor-widget-heading\" data-id=\"196b7ce\" data-element_type=\"widget\" data-e-type=\"widget\" data-widget_type=\"heading.default\">\n\t\t\t\t<div class=\"elementor-widget-container\">\n\t\t\t\t\t<h1 class=\"elementor-heading-title elementor-size-default\">Submission<\/h1>\t\t\t\t<\/div>\n\t\t\t\t<\/div>\n\t\t\t\t<\/div>\n\t\t<div class=\"elementor-element elementor-element-9241537 e-flex e-con-boxed e-con e-parent\" data-id=\"9241537\" data-element_type=\"container\" data-e-type=\"container\">\n\t\t\t\t\t<div class=\"e-con-inner\">\n\t\t\t\t\t<\/div>\n\t\t\t\t<\/div>\n\t\t<div class=\"elementor-element elementor-element-b47442b e-flex e-con-boxed e-con e-parent\" data-id=\"b47442b\" data-element_type=\"container\" data-e-type=\"container\" data-settings=\"{&quot;background_background&quot;:&quot;classic&quot;}\">\n\t\t\t\t\t<div class=\"e-con-inner\">\n\t\t\t\t<div class=\"elementor-element elementor-element-1c0e14c bdt-custom-rc-yes bdt-gravity-form-button-full-width elementor-widget elementor-widget-bdt-gravity-form\" data-id=\"1c0e14c\" data-element_type=\"widget\" data-e-type=\"widget\" data-widget_type=\"bdt-gravity-form.default\">\n\t\t\t\t<div class=\"elementor-widget-container\">\n\t\t\t\t\t\t\t\n\t\t<div class=\"bdt-gravity-forms\">\n\t\t\t<script type=\"text\/javascript\">var gform;gform||(document.addEventListener(\"gform_main_scripts_loaded\",function(){gform.scriptsLoaded=!0}),window.addEventListener(\"DOMContentLoaded\",function(){gform.domLoaded=!0}),gform={domLoaded:!1,scriptsLoaded:!1,initializeOnLoaded:function(o){gform.domLoaded&&gform.scriptsLoaded?o():!gform.domLoaded&&gform.scriptsLoaded?window.addEventListener(\"DOMContentLoaded\",o):document.addEventListener(\"gform_main_scripts_loaded\",o)},hooks:{action:{},filter:{}},addAction:function(o,n,r,t){gform.addHook(\"action\",o,n,r,t)},addFilter:function(o,n,r,t){gform.addHook(\"filter\",o,n,r,t)},doAction:function(o){gform.doHook(\"action\",o,arguments)},applyFilters:function(o){return gform.doHook(\"filter\",o,arguments)},removeAction:function(o,n){gform.removeHook(\"action\",o,n)},removeFilter:function(o,n,r){gform.removeHook(\"filter\",o,n,r)},addHook:function(o,n,r,t,i){null==gform.hooks[o][n]&&(gform.hooks[o][n]=[]);var e=gform.hooks[o][n];null==i&&(i=n+\"_\"+e.length),gform.hooks[o][n].push({tag:i,callable:r,priority:t=null==t?10:t})},doHook:function(n,o,r){var t;if(r=Array.prototype.slice.call(r,1),null!=gform.hooks[n][o]&&((o=gform.hooks[n][o]).sort(function(o,n){return o.priority-n.priority}),o.forEach(function(o){\"function\"!=typeof(t=o.callable)&&(t=window[t]),\"action\"==n?t.apply(null,r):r[0]=t.apply(null,r)})),\"filter\"==n)return r[0]},removeHook:function(o,n,t,i){var r;null!=gform.hooks[o][n]&&(r=(r=gform.hooks[o][n]).filter(function(o,n,r){return!!(null!=i&&i!=o.tag||null!=t&&t!=o.priority)}),gform.hooks[o][n]=r)}});<\/script>\n                <div class='gf_browser_gecko gform_wrapper gravity-theme' id='gform_wrapper_5' >\n                        <div class='gform_heading'>\n\t\t\t\t\t\t\t<p class='gform_required_legend'>&quot;<span class=\"gfield_required gfield_required_asterisk\">*<\/span>&quot; indicates required fields<\/p>\n                        <\/div><form method='post' enctype='multipart\/form-data'  id='gform_5'  action='\/en\/wp-json\/wp\/v2\/pages\/9773' novalidate>\n                        <div class='gform_body gform-body'><div id='gform_fields_5' class='gform_fields top_label form_sublabel_below description_below'><div id=\"field_5_9\"  class=\"gfield gsection field_sublabel_below field_description_below gfield_visibility_visible\"  data-js-reload=\"field_5_9\"><h3 class=\"gsection_title\">Contact information<\/h3><\/div><fieldset id=\"field_5_3\"  class=\"gfield gfield--width-full white gfield_contains_required field_sublabel_below field_description_below gfield_visibility_visible\"  data-js-reload=\"field_5_3\"><legend class='gfield_label gfield_label_before_complex'  >Name<span class=\"gfield_required\"><span class=\"gfield_required gfield_required_asterisk\">*<\/span><\/span><\/legend><div class='ginput_complex ginput_container no_prefix no_first_name no_middle_name has_last_name no_suffix gf_name_has_1 ginput_container_name' id='input_5_3'>\n                            \n                            \n                            \n                            <span id='input_5_3_6_container' class='name_last' >\n                                                    <input type='text' name='input_3.6' id='input_5_3_6' value=''   aria-required='true'     \/>\n                                                    <label for='input_5_3_6' >Last<\/label>\n                                                <\/span>\n                            \n                        <\/div><\/fieldset><div id=\"field_5_5\"  class=\"gfield gfield--width-full field_sublabel_below field_description_below gfield_visibility_visible\"  data-js-reload=\"field_5_5\"><label class='gfield_label' for='input_5_5' >Company name<\/label><div class='ginput_container ginput_container_text'><input name='input_5' id='input_5_5' type='text' value='' class='large'      aria-invalid=\"false\"   \/> <\/div><\/div><fieldset id=\"field_5_15\"  class=\"gfield gfield--width-full gfield_contains_required field_sublabel_below field_description_below gfield_visibility_visible\"  data-js-reload=\"field_5_15\"><legend class='gfield_label gfield_label_before_complex'  >Type of company<span class=\"gfield_required\"><span class=\"gfield_required gfield_required_asterisk\">*<\/span><\/span><\/legend><div class='ginput_container ginput_container_checkbox'><div class='gfield_checkbox' id='input_5_15'><div class='gchoice gchoice_5_15_1'>\n\t\t\t\t\t\t\t\t<input class='gfield-choice-input' name='input_15.1' type='checkbox'  value='City\/Municipality'  id='choice_5_15_1'   \/>\n\t\t\t\t\t\t\t\t<label for='choice_5_15_1' id='label_5_15_1'>City\/Municipality<\/label>\n\t\t\t\t\t\t\t<\/div><div class='gchoice gchoice_5_15_2'>\n\t\t\t\t\t\t\t\t<input class='gfield-choice-input' name='input_15.2' type='checkbox'  value='School Board\/School'  id='choice_5_15_2'   \/>\n\t\t\t\t\t\t\t\t<label for='choice_5_15_2' id='label_5_15_2'>School Board\/School<\/label>\n\t\t\t\t\t\t\t<\/div><div class='gchoice gchoice_5_15_3'>\n\t\t\t\t\t\t\t\t<input class='gfield-choice-input' name='input_15.3' type='checkbox'  value='Private company'  id='choice_5_15_3'   \/>\n\t\t\t\t\t\t\t\t<label for='choice_5_15_3' id='label_5_15_3'>Private company<\/label>\n\t\t\t\t\t\t\t<\/div><div class='gchoice gchoice_5_15_4'>\n\t\t\t\t\t\t\t\t<input class='gfield-choice-input' name='input_15.4' type='checkbox'  value='Government enterprise'  id='choice_5_15_4'   \/>\n\t\t\t\t\t\t\t\t<label for='choice_5_15_4' id='label_5_15_4'>Government enterprise<\/label>\n\t\t\t\t\t\t\t<\/div><div class='gchoice gchoice_5_15_5'>\n\t\t\t\t\t\t\t\t<input class='gfield-choice-input' name='input_15.5' type='checkbox'  value='Architectural firm'  id='choice_5_15_5'   \/>\n\t\t\t\t\t\t\t\t<label for='choice_5_15_5' id='label_5_15_5'>Architectural firm<\/label>\n\t\t\t\t\t\t\t<\/div><div class='gchoice gchoice_5_15_6'>\n\t\t\t\t\t\t\t\t<input class='gfield-choice-input' name='input_15.6' type='checkbox'  value='Engineering firm'  id='choice_5_15_6'   \/>\n\t\t\t\t\t\t\t\t<label for='choice_5_15_6' id='label_5_15_6'>Engineering firm<\/label>\n\t\t\t\t\t\t\t<\/div><div class='gchoice gchoice_5_15_7'>\n\t\t\t\t\t\t\t\t<input class='gfield-choice-input' name='input_15.7' type='checkbox'  value='Other'  id='choice_5_15_7'   \/>\n\t\t\t\t\t\t\t\t<label for='choice_5_15_7' id='label_5_15_7'>Other<\/label>\n\t\t\t\t\t\t\t<\/div><\/div><\/div><\/fieldset><div id=\"field_5_6\"  class=\"gfield gfield--width-half gfield_contains_required field_sublabel_below field_description_below gfield_visibility_visible\"  data-js-reload=\"field_5_6\"><label class='gfield_label' for='input_5_6' >E-mail<span class=\"gfield_required\"><span class=\"gfield_required gfield_required_asterisk\">*<\/span><\/span><\/label><div class='ginput_container ginput_container_email'>\n                            <input name='input_6' id='input_5_6' type='email' value='' class='large'    aria-required=\"true\" aria-invalid=\"false\"  \/>\n                        <\/div><\/div><div id=\"field_5_7\"  class=\"gfield gfield--width-half gfield_contains_required field_sublabel_below field_description_below gfield_visibility_visible\"  data-js-reload=\"field_5_7\"><label class='gfield_label' for='input_5_7' >Phone<span class=\"gfield_required\"><span class=\"gfield_required gfield_required_asterisk\">*<\/span><\/span><\/label><div class='ginput_container ginput_container_phone'><input name='input_7' id='input_5_7' type='tel' value='' class='large'   aria-required=\"true\" aria-invalid=\"false\"   \/><\/div><\/div><div id=\"field_5_13\"  class=\"gfield gsection field_sublabel_below field_description_below gfield_visibility_visible\"  data-js-reload=\"field_5_13\"><h3 class=\"gsection_title\">Your project specifications<\/h3><\/div><div id=\"field_5_12\"  class=\"gfield gfield--width-full gfield_contains_required field_sublabel_below field_description_below gfield_visibility_visible\"  data-js-reload=\"field_5_12\"><label class='gfield_label' for='input_5_12' >Project location<span class=\"gfield_required\"><span class=\"gfield_required gfield_required_asterisk\">*<\/span><\/span><\/label><div class='ginput_container ginput_container_text'><input name='input_12' id='input_5_12' type='text' value='' class='large'    placeholder='Project location' aria-required=\"true\" aria-invalid=\"false\"   \/> <\/div><\/div><fieldset id=\"field_5_24\"  class=\"gfield gfield--width-full gfield_contains_required field_sublabel_below field_description_below gfield_visibility_visible\"  data-js-reload=\"field_5_24\"><legend class='gfield_label gfield_label_before_complex'  >Desired solar solutions<span class=\"gfield_required\"><span class=\"gfield_required gfield_required_asterisk\">*<\/span><\/span><\/legend><div class='ginput_container ginput_container_checkbox'><div class='gfield_checkbox' id='input_5_24'><div class='gchoice gchoice_5_24_1'>\n\t\t\t\t\t\t\t\t<input class='gfield-choice-input' name='input_24.1' type='checkbox'  value='Solar floor lamp'  id='choice_5_24_1'   \/>\n\t\t\t\t\t\t\t\t<label for='choice_5_24_1' id='label_5_24_1'>Solar floor lamp<\/label>\n\t\t\t\t\t\t\t<\/div><div class='gchoice gchoice_5_24_2'>\n\t\t\t\t\t\t\t\t<input class='gfield-choice-input' name='input_24.2' type='checkbox'  value='Solar bollard'  id='choice_5_24_2'   \/>\n\t\t\t\t\t\t\t\t<label for='choice_5_24_2' id='label_5_24_2'>Solar bollard<\/label>\n\t\t\t\t\t\t\t<\/div><div class='gchoice gchoice_5_24_3'>\n\t\t\t\t\t\t\t\t<input class='gfield-choice-input' name='input_24.3' type='checkbox'  value='Solar shelter'  id='choice_5_24_3'   \/>\n\t\t\t\t\t\t\t\t<label for='choice_5_24_3' id='label_5_24_3'>Solar shelter<\/label>\n\t\t\t\t\t\t\t<\/div><div class='gchoice gchoice_5_24_4'>\n\t\t\t\t\t\t\t\t<input class='gfield-choice-input' name='input_24.4' type='checkbox'  value='Solar tree'  id='choice_5_24_4'   \/>\n\t\t\t\t\t\t\t\t<label for='choice_5_24_4' id='label_5_24_4'>Solar tree<\/label>\n\t\t\t\t\t\t\t<\/div><div class='gchoice gchoice_5_24_5'>\n\t\t\t\t\t\t\t\t<input class='gfield-choice-input' name='input_24.5' type='checkbox'  value='Tailor-made projects'  id='choice_5_24_5'   \/>\n\t\t\t\t\t\t\t\t<label for='choice_5_24_5' id='label_5_24_5'>Tailor-made projects<\/label>\n\t\t\t\t\t\t\t<\/div><\/div><\/div><\/fieldset><fieldset id=\"field_5_26\"  class=\"gfield gfield--width-full field_sublabel_below field_description_below gfield_visibility_visible\"  data-js-reload=\"field_5_26\"><legend class='gfield_label gfield_label_before_complex'  >What I like about solar street lamps<\/legend><div class='ginput_container ginput_container_checkbox'><div class='gfield_checkbox' id='input_5_26'><div class='gchoice gchoice_5_26_1'>\n\t\t\t\t\t\t\t\t<input class='gfield-choice-input' name='input_26.1' type='checkbox'  value='Altitude'  id='choice_5_26_1'   \/>\n\t\t\t\t\t\t\t\t<label for='choice_5_26_1' id='label_5_26_1'>Altitude<\/label>\n\t\t\t\t\t\t\t<\/div><div class='gchoice gchoice_5_26_2'>\n\t\t\t\t\t\t\t\t<input class='gfield-choice-input' name='input_26.2' type='checkbox'  value='Panorama'  id='choice_5_26_2'   \/>\n\t\t\t\t\t\t\t\t<label for='choice_5_26_2' id='label_5_26_2'>Panorama<\/label>\n\t\t\t\t\t\t\t<\/div><div class='gchoice gchoice_5_26_3'>\n\t\t\t\t\t\t\t\t<input class='gfield-choice-input' name='input_26.3' type='checkbox'  value='Tradition'  id='choice_5_26_3'   \/>\n\t\t\t\t\t\t\t\t<label for='choice_5_26_3' id='label_5_26_3'>Tradition<\/label>\n\t\t\t\t\t\t\t<\/div><div class='gchoice gchoice_5_26_4'>\n\t\t\t\t\t\t\t\t<input class='gfield-choice-input' name='input_26.4' type='checkbox'  value='Horizon'  id='choice_5_26_4'   \/>\n\t\t\t\t\t\t\t\t<label for='choice_5_26_4' id='label_5_26_4'>Horizon<\/label>\n\t\t\t\t\t\t\t<\/div><div class='gchoice gchoice_5_26_5'>\n\t\t\t\t\t\t\t\t<input class='gfield-choice-input' name='input_26.5' type='checkbox'  value='Solea'  id='choice_5_26_5'   \/>\n\t\t\t\t\t\t\t\t<label for='choice_5_26_5' id='label_5_26_5'>Solea<\/label>\n\t\t\t\t\t\t\t<\/div><div class='gchoice gchoice_5_26_6'>\n\t\t\t\t\t\t\t\t<input class='gfield-choice-input' name='input_26.6' type='checkbox'  value='Solstice'  id='choice_5_26_6'   \/>\n\t\t\t\t\t\t\t\t<label for='choice_5_26_6' id='label_5_26_6'>Solstice<\/label>\n\t\t\t\t\t\t\t<\/div><div class='gchoice gchoice_5_26_7'>\n\t\t\t\t\t\t\t\t<input class='gfield-choice-input' name='input_26.7' type='checkbox'  value='Custom-made floor lamp'  id='choice_5_26_7'   \/>\n\t\t\t\t\t\t\t\t<label for='choice_5_26_7' id='label_5_26_7'>Custom-made floor lamp<\/label>\n\t\t\t\t\t\t\t<\/div><div class='gchoice gchoice_5_26_8'>\n\t\t\t\t\t\t\t\t<input class='gfield-choice-input' name='input_26.8' type='checkbox'  value='Alo'  id='choice_5_26_8'   \/>\n\t\t\t\t\t\t\t\t<label for='choice_5_26_8' id='label_5_26_8'>Alo<\/label>\n\t\t\t\t\t\t\t<\/div><\/div><\/div><\/fieldset><fieldset id=\"field_5_27\"  class=\"gfield gfield--width-full field_sublabel_below field_description_below gfield_visibility_visible\"  data-js-reload=\"field_5_27\"><legend class='gfield_label gfield_label_before_complex'  >What I like about solar bollards<\/legend><div class='ginput_container ginput_container_checkbox'><div class='gfield_checkbox' id='input_5_27'><div class='gchoice gchoice_5_27_1'>\n\t\t\t\t\t\t\t\t<input class='gfield-choice-input' name='input_27.1' type='checkbox'  value='Horizon'  id='choice_5_27_1'   \/>\n\t\t\t\t\t\t\t\t<label for='choice_5_27_1' id='label_5_27_1'>Horizon<\/label>\n\t\t\t\t\t\t\t<\/div><div class='gchoice gchoice_5_27_2'>\n\t\t\t\t\t\t\t\t<input class='gfield-choice-input' name='input_27.2' type='checkbox'  value='Horizon+'  id='choice_5_27_2'   \/>\n\t\t\t\t\t\t\t\t<label for='choice_5_27_2' id='label_5_27_2'>Horizon+<\/label>\n\t\t\t\t\t\t\t<\/div><\/div><\/div><\/fieldset><div id=\"field_5_14\"  class=\"gfield gfield--width-full gfield_contains_required field_sublabel_below field_description_below gfield_visibility_visible\"  data-js-reload=\"field_5_14\"><label class='gfield_label' for='input_5_14' >Estimated number of solar products for my project?<span class=\"gfield_required\"><span class=\"gfield_required gfield_required_asterisk\">*<\/span><\/span><\/label><div class='ginput_container ginput_container_text'><input name='input_14' id='input_5_14' type='text' value='' class='large'     aria-required=\"true\" aria-invalid=\"false\"   \/> <\/div><\/div><div id=\"field_5_16\"  class=\"gfield gsection field_sublabel_below field_description_below gfield_visibility_visible\"  data-js-reload=\"field_5_16\"><h3 class=\"gsection_title\">Budget and schedule<\/h3><\/div><fieldset id=\"field_5_17\"  class=\"gfield gfield--width-full gfield_contains_required field_sublabel_below field_description_below gfield_visibility_visible\"  data-js-reload=\"field_5_17\"><legend class='gfield_label'  >Budget for my project<span class=\"gfield_required\"><span class=\"gfield_required gfield_required_asterisk\">*<\/span><\/span><\/legend><div class='ginput_container ginput_container_radio'><div class='gfield_radio' id='input_5_17'>\n\t\t\t<div class='gchoice gchoice_5_17_0'>\n\t\t\t\t\t<input class='gfield-choice-input' name='input_17' type='radio' value='Less than $10,000'  id='choice_5_17_0' onchange='gformToggleRadioOther( this )'    \/>\n\t\t\t\t\t<label for='choice_5_17_0' id='label_5_17_0'>Less than $10,000<\/label>\n\t\t\t<\/div>\n\t\t\t<div class='gchoice gchoice_5_17_1'>\n\t\t\t\t\t<input class='gfield-choice-input' name='input_17' type='radio' value='10 001 $ - 30 000 $'  id='choice_5_17_1' onchange='gformToggleRadioOther( this )'    \/>\n\t\t\t\t\t<label for='choice_5_17_1' id='label_5_17_1'>10 001 $ - 30 000 $<\/label>\n\t\t\t<\/div>\n\t\t\t<div class='gchoice gchoice_5_17_2'>\n\t\t\t\t\t<input class='gfield-choice-input' name='input_17' type='radio' value='30 001 $ - 50 000 $'  id='choice_5_17_2' onchange='gformToggleRadioOther( this )'    \/>\n\t\t\t\t\t<label for='choice_5_17_2' id='label_5_17_2'>30 001 $ - 50 000 $<\/label>\n\t\t\t<\/div>\n\t\t\t<div class='gchoice gchoice_5_17_3'>\n\t\t\t\t\t<input class='gfield-choice-input' name='input_17' type='radio' value='50 001 $ - 75 000 $'  id='choice_5_17_3' onchange='gformToggleRadioOther( this )'    \/>\n\t\t\t\t\t<label for='choice_5_17_3' id='label_5_17_3'>50 001 $ - 75 000 $<\/label>\n\t\t\t<\/div>\n\t\t\t<div class='gchoice gchoice_5_17_4'>\n\t\t\t\t\t<input class='gfield-choice-input' name='input_17' type='radio' value='75,001 and over'  id='choice_5_17_4' onchange='gformToggleRadioOther( this )'    \/>\n\t\t\t\t\t<label for='choice_5_17_4' id='label_5_17_4'>75,001 and over<\/label>\n\t\t\t<\/div><\/div><\/div><\/fieldset><div id=\"field_5_29\"  class=\"gfield gfield--width-full gfield_contains_required field_sublabel_below field_description_below gfield_visibility_visible\"  data-js-reload=\"field_5_29\"><label class='gfield_label' for='input_5_29' >Ideally, my project should be finished by...<span class=\"gfield_required\"><span class=\"gfield_required gfield_required_asterisk\">*<\/span><\/span><\/label><div class='ginput_container ginput_container_text'><input name='input_29' id='input_5_29' type='text' value='' class='large'     aria-required=\"true\" aria-invalid=\"false\"   \/> <\/div><\/div><div id=\"field_5_20\"  class=\"gfield gfield--width-full field_sublabel_below field_description_below gfield_visibility_visible\"  data-js-reload=\"field_5_20\"><label class='gfield_label' for='input_5_20' >Tell us about your project!<\/label><div class='ginput_container ginput_container_textarea'><textarea name='input_20' id='input_5_20' class='textarea large'      aria-invalid=\"false\"   rows='10' cols='50'><\/textarea><\/div><\/div><fieldset id=\"field_5_21\"  class=\"gfield gfield--width-full gfield_contains_required field_sublabel_below field_description_below gfield_visibility_visible\"  data-js-reload=\"field_5_21\"><legend class='gfield_label gfield_label_before_complex'  >I agree to be contacted by Solidel regarding this request.<span class=\"gfield_required\"><span class=\"gfield_required gfield_required_asterisk\">*<\/span><\/span><\/legend><div class='ginput_container ginput_container_checkbox'><div class='gfield_checkbox' id='input_5_21'><div class='gchoice gchoice_5_21_1'>\n\t\t\t\t\t\t\t\t<input class='gfield-choice-input' name='input_21.1' type='checkbox'  value='Yes'  id='choice_5_21_1'   \/>\n\t\t\t\t\t\t\t\t<label for='choice_5_21_1' id='label_5_21_1'>Yes<\/label>\n\t\t\t\t\t\t\t<\/div><\/div><\/div><\/fieldset><div id=\"field_5_22\"  class=\"gfield gfield--width-full field_sublabel_below field_description_below gfield_visibility_visible\"  data-js-reload=\"field_5_22\"><label class='gfield_label' for='input_5_22' >CAPTCHA<\/label><div id='input_5_22' class='ginput_container ginput_recaptcha' data-sitekey='6LeWMSUsAAAAACTnkKBtrpDP5SvyyvPgVnKFhp34'  data-theme='light' data-tabindex='-1' data-size='invisible' data-badge='bottomright'><\/div><\/div><div id=\"field_5_30\"  class=\"gfield gform_validation_container field_sublabel_below field_description_below gfield_visibility_visible\"  data-js-reload=\"field_5_30\"><label class='gfield_label' for='input_5_30' >Email<\/label><div class='ginput_container'><input name='input_30' id='input_5_30' type='text' value='' autocomplete='new-password'\/><\/div><div class='gfield_description' id='gfield_description_5_30'>This field is for validation purposes and should be left unchanged.<\/div><\/div><\/div><\/div>\n        <div class='gform_footer top_label'> <input type='submit' id='gform_submit_button_5' class='gform_button button' value='Send'  onclick='if(window[\"gf_submitting_5\"]){return false;}  if( !jQuery(\"#gform_5\")[0].checkValidity || jQuery(\"#gform_5\")[0].checkValidity()){window[\"gf_submitting_5\"]=true;}  ' onkeypress='if( event.keyCode == 13 ){ if(window[\"gf_submitting_5\"]){return false;} if( !jQuery(\"#gform_5\")[0].checkValidity || jQuery(\"#gform_5\")[0].checkValidity()){window[\"gf_submitting_5\"]=true;}  jQuery(\"#gform_5\").trigger(\"submit\",[true]); }' \/> \n            <input type='hidden' class='gform_hidden' name='is_submit_5' value='1' \/>\n            <input type='hidden' class='gform_hidden' name='gform_submit' value='5' \/>\n            \n            <input type='hidden' class='gform_hidden' name='gform_unique_id' value='' \/>\n            <input type='hidden' class='gform_hidden' name='state_5' value='WyJ7XCIxN1wiOltcIjg5MDhhNmQ0ODY2ZWVjYTQzMmVjMzViNmUzOTBiZTVmXCIsXCIyMDk2MGE2NzYxNzE4ZGY1ZTY0NzYyODEyM2U3ODdmOVwiLFwiMGJiNGFkNzlmNGE5ZWZjNGUxZmI2ODgxNzRlNDE2YjhcIixcImM2MjY1ZmQ2N2U5ODBkZTRlNmJjNDMxNzhkMDQ3NmYzXCIsXCJlNjAzMWZiNGFlOGJjYjc5ZDkwZmNhZmFiZmQ2NDE2ZlwiXX0iLCIxNDRmOTM0MDVmOGY3YmU0YzAyZGJjOGU4NDZhZTRjNSJd' \/>\n            <input type='hidden' class='gform_hidden' name='gform_target_page_number_5' id='gform_target_page_number_5' value='0' \/>\n            <input type='hidden' class='gform_hidden' name='gform_source_page_number_5' id='gform_source_page_number_5' value='1' \/>\n            <input type='hidden' name='gform_field_values' value='' \/>\n            \n        <\/div>\n                        <\/form>\n                        <\/div>\t\t<\/div>\n\t\t\t\t\t\t<\/div>\n\t\t\t\t<\/div>\n\t\t\t\t\t<\/div>\n\t\t\t\t<\/div>\n\t\t\t\t<\/div>\n\t\t","protected":false},"excerpt":{"rendered":"<p>Submission \u00ab\u00a0*\u00a0\u00bb indique les champs n\u00e9cessaires Informations de contact Nom* Nom Nom de l&#039;entreprise Type d&#039;entreprise* Ville\/Municipalit\u00e9 Commission scolaire\/\u00c9cole Entreprise priv\u00e9e Entreprise gouvernementale Firme d&#8217;architecture Firme d&#8217;ing\u00e9nierie Autre E-mail* T\u00e9l\u00e9phone* Sp\u00e9cifications de votre projet Lieu du projet* Solutions solaires d\u00e9sir\u00e9es* Lampadaire solaire Bollard solaire Abri solaire Arbre solaire Projet sur mesure Ce qui me plait [&hellip;]<\/p>\n","protected":false},"author":2,"featured_media":0,"parent":0,"menu_order":0,"comment_status":"closed","ping_status":"closed","template":"","meta":{"_acf_changed":false,"ub_ctt_via":"","footnotes":""},"class_list":["post-9773","page","type-page","status-publish","hentry"],"acf":[],"aioseo_notices":[],"featured_image_src":null,"_links":{"self":[{"href":"https:\/\/solidel.ca\/en\/wp-json\/wp\/v2\/pages\/9773","targetHints":{"allow":["GET"]}}],"collection":[{"href":"https:\/\/solidel.ca\/en\/wp-json\/wp\/v2\/pages"}],"about":[{"href":"https:\/\/solidel.ca\/en\/wp-json\/wp\/v2\/types\/page"}],"author":[{"embeddable":true,"href":"https:\/\/solidel.ca\/en\/wp-json\/wp\/v2\/users\/2"}],"replies":[{"embeddable":true,"href":"https:\/\/solidel.ca\/en\/wp-json\/wp\/v2\/comments?post=9773"}],"version-history":[{"count":10,"href":"https:\/\/solidel.ca\/en\/wp-json\/wp\/v2\/pages\/9773\/revisions"}],"predecessor-version":[{"id":14164,"href":"https:\/\/solidel.ca\/en\/wp-json\/wp\/v2\/pages\/9773\/revisions\/14164"}],"wp:attachment":[{"href":"https:\/\/solidel.ca\/en\/wp-json\/wp\/v2\/media?parent=9773"}],"curies":[{"name":"wp","href":"https:\/\/api.w.org\/{rel}","templated":true}]}}